{"id":30,"date":"2009-04-18T18:38:48","date_gmt":"2009-04-18T16:38:48","guid":{"rendered":"http:\/\/detgode.direktedns.net\/?page_id=2"},"modified":"2026-04-20T19:08:39","modified_gmt":"2026-04-20T18:08:39","slug":"om","status":"publish","type":"page","link":"https:\/\/detgodeol.no\/?page_id=30","title":{"rendered":"Om \u00f8lklubben"},"content":{"rendered":"<p>\u00d8lklubben <strong>Det gode \u00f8ls klubb<\/strong> m\u00f8tes hver 2. tirsdag i m\u00e5neden, fortrinnsvis med \u00f8lfaglig interessante tema. Dersom det er smakspr\u00f8ver selges de til pakkepris. \u00c5rsmedlemsskap i \u00f8lklubben koster kr. 100, men du kan delta p\u00e5 et pr\u00f8vem\u00f8te f\u00f8r du melder deg inn. Ta gjerne kontakt med oss p\u00e5 epost &laquo;info (alfakr\u00f8ll) detgodeolsklubb.no&raquo; for mer informasjon.<\/p>\n<p>Det gode \u00f8ls klubb er registrert som interesseorganisasjon i Br\u00f8nn\u00f8ysundregistrene og organisasjonsnummeret er <a href=\"http:\/\/w2.brreg.no\/enhet\/sok\/detalj.jsp?orgnr=992954329\">992954329<\/a>.<\/p>\n<p>Medlemskontingent kan innbetales til konto 1503.08.85764 og er kr 100 pr kalender\u00e5r. Husk \u00e5 skrive navn i melding til mottaker.<\/p>\n","protected":false},"excerpt":{"rendered":"<p>\u00d8lklubben Det gode \u00f8ls klubb m\u00f8tes hver 2. tirsdag i m\u00e5neden, fortrinnsvis med \u00f8lfaglig interessante tema. Dersom det er smakspr\u00f8ver selges de til pakkepris. \u00c5rsmedlemsskap i \u00f8lklubben koster kr. 100, men du kan delta p\u00e5 et pr\u00f8vem\u00f8te f\u00f8r du melder deg inn. Ta gjerne kontakt med oss p\u00e5 epost &laquo;info (alfakr\u00f8ll) detgodeolsklubb.no&raquo; for mer informasjon.<\/p>\n<p> [&#8230;]<\/p>\n","protected":false},"author":1,"featured_media":0,"parent":0,"menu_order":0,"comment_status":"closed","ping_status":"closed","template":"","meta":{"footnotes":""},"class_list":["post-30","page","type-page","status-publish","hentry","odd"],"_links":{"self":[{"href":"https:\/\/detgodeol.no\/index.php?rest_route=\/wp\/v2\/pages\/30","targetHints":{"allow":["GET"]}}],"collection":[{"href":"https:\/\/detgodeol.no\/index.php?rest_route=\/wp\/v2\/pages"}],"about":[{"href":"https:\/\/detgodeol.no\/index.php?rest_route=\/wp\/v2\/types\/page"}],"author":[{"embeddable":true,"href":"https:\/\/detgodeol.no\/index.php?rest_route=\/wp\/v2\/users\/1"}],"replies":[{"embeddable":true,"href":"https:\/\/detgodeol.no\/index.php?rest_route=%2Fwp%2Fv2%2Fcomments&post=30"}],"version-history":[{"count":11,"href":"https:\/\/detgodeol.no\/index.php?rest_route=\/wp\/v2\/pages\/30\/revisions"}],"predecessor-version":[{"id":2869,"href":"https:\/\/detgodeol.no\/index.php?rest_route=\/wp\/v2\/pages\/30\/revisions\/2869"}],"wp:attachment":[{"href":"https:\/\/detgodeol.no\/index.php?rest_route=%2Fwp%2Fv2%2Fmedia&parent=30"}],"curies":[{"name":"wp","href":"https:\/\/api.w.org\/{rel}","templated":true}]}}